{"id":2428,"date":"2019-08-05T20:19:40","date_gmt":"2019-08-05T17:19:40","guid":{"rendered":"http:\/\/www.zumruthali.com\/?page_id=2428"},"modified":"2020-09-23T13:36:10","modified_gmt":"2020-09-23T10:36:10","slug":"evsel-halilar","status":"publish","type":"page","link":"https:\/\/www.zumruthali.com\/index.php\/samur-hali\/evsel-halilar\/","title":{"rendered":"Evsel Hal\u0131lar"},"content":{"rendered":"\r\n<p><span class=\"has-inline-color has-white-color\">Evsel Hal\u0131lar 2020 Samur Online Hal\u0131 Katalo\u011fu Ve Hal\u0131 Modelleri Z\u00fcmr\u00fct Hal\u0131 Zemin Market Major Trendy Ka\u015fmir<\/span><\/p>\r\n","protected":false},"excerpt":{"rendered":"<p>Evsel Hal\u0131lar 2020 Samur Online Hal\u0131 Katalo\u011fu Ve Hal\u0131 Modelleri Z\u00fcmr\u00fct Hal\u0131 Zemin Market Major Trendy Ka\u015fmir<\/p>\n","protected":false},"author":2,"featured_media":3310,"parent":2552,"menu_order":0,"comment_status":"closed","ping_status":"closed","template":"","meta":[],"_links":{"self":[{"href":"https:\/\/www.zumruthali.com\/index.php\/wp-json\/wp\/v2\/pages\/2428"}],"collection":[{"href":"https:\/\/www.zumruthali.com\/index.php\/wp-json\/wp\/v2\/pages"}],"about":[{"href":"https:\/\/www.zumruthali.com\/index.php\/wp-json\/wp\/v2\/types\/page"}],"author":[{"embeddable":true,"href":"https:\/\/www.zumruthali.com\/index.php\/wp-json\/wp\/v2\/users\/2"}],"replies":[{"embeddable":true,"href":"https:\/\/www.zumruthali.com\/index.php\/wp-json\/wp\/v2\/comments?post=2428"}],"version-history":[{"count":2,"href":"https:\/\/www.zumruthali.com\/index.php\/wp-json\/wp\/v2\/pages\/2428\/revisions"}],"predecessor-version":[{"id":3795,"href":"https:\/\/www.zumruthali.com\/index.php\/wp-json\/wp\/v2\/pages\/2428\/revisions\/3795"}],"up":[{"embeddable":true,"href":"https:\/\/www.zumruthali.com\/index.php\/wp-json\/wp\/v2\/pages\/2552"}],"wp:featuredmedia":[{"embeddable":true,"href":"https:\/\/www.zumruthali.com\/index.php\/wp-json\/wp\/v2\/media\/3310"}],"wp:attachment":[{"href":"https:\/\/www.zumruthali.com\/index.php\/wp-json\/wp\/v2\/media?parent=2428"}],"curies":[{"name":"wp","href":"https:\/\/api.w.org\/{rel}","templated":true}]}}