{"id":2465,"date":"2019-08-06T19:43:01","date_gmt":"2019-08-06T16:43:01","guid":{"rendered":"http:\/\/www.zumruthali.com\/?page_id=2465"},"modified":"2020-09-23T13:36:43","modified_gmt":"2020-09-23T10:36:43","slug":"kasmir-2","status":"publish","type":"page","link":"https:\/\/www.zumruthali.com\/index.php\/samur-hali\/evsel-halilar\/kasmir-2\/","title":{"rendered":"Kasmir"},"content":{"rendered":"\r\n<p><span class=\"has-inline-color has-white-color\">Ka\u015fmir Hal\u0131 Samur Hal\u0131 Online Hal\u0131 Modelleri Ve Online Ka\u015fmir Hal\u0131 Katalo\u011fu Agri Canik Emirdag Erciyes Ilgaz Kackar Toros<\/span><\/p>\r\n","protected":false},"excerpt":{"rendered":"<p>Ka\u015fmir Hal\u0131 Samur Hal\u0131 Online Hal\u0131 Modelleri Ve Online Ka\u015fmir Hal\u0131 Katalo\u011fu Agri Canik Emirdag Erciyes Ilgaz Kackar Toros<\/p>\n","protected":false},"author":2,"featured_media":3321,"parent":2428,"menu_order":0,"comment_status":"closed","ping_status":"closed","template":"","meta":[],"_links":{"self":[{"href":"https:\/\/www.zumruthali.com\/index.php\/wp-json\/wp\/v2\/pages\/2465"}],"collection":[{"href":"https:\/\/www.zumruthali.com\/index.php\/wp-json\/wp\/v2\/pages"}],"about":[{"href":"https:\/\/www.zumruthali.com\/index.php\/wp-json\/wp\/v2\/types\/page"}],"author":[{"embeddable":true,"href":"https:\/\/www.zumruthali.com\/index.php\/wp-json\/wp\/v2\/users\/2"}],"replies":[{"embeddable":true,"href":"https:\/\/www.zumruthali.com\/index.php\/wp-json\/wp\/v2\/comments?post=2465"}],"version-history":[{"count":2,"href":"https:\/\/www.zumruthali.com\/index.php\/wp-json\/wp\/v2\/pages\/2465\/revisions"}],"predecessor-version":[{"id":3798,"href":"https:\/\/www.zumruthali.com\/index.php\/wp-json\/wp\/v2\/pages\/2465\/revisions\/3798"}],"up":[{"embeddable":true,"href":"https:\/\/www.zumruthali.com\/index.php\/wp-json\/wp\/v2\/pages\/2428"}],"wp:featuredmedia":[{"embeddable":true,"href":"https:\/\/www.zumruthali.com\/index.php\/wp-json\/wp\/v2\/media\/3321"}],"wp:attachment":[{"href":"https:\/\/www.zumruthali.com\/index.php\/wp-json\/wp\/v2\/media?parent=2465"}],"curies":[{"name":"wp","href":"https:\/\/api.w.org\/{rel}","templated":true}]}}