{"id":2477,"date":"2019-08-06T20:11:33","date_gmt":"2019-08-06T17:11:33","guid":{"rendered":"http:\/\/www.zumruthali.com\/?page_id=2477"},"modified":"2020-09-23T13:34:14","modified_gmt":"2020-09-23T10:34:14","slug":"cim-halilar","status":"publish","type":"page","link":"https:\/\/www.zumruthali.com\/index.php\/samur-hali\/cim-halilar\/","title":{"rendered":"Samur \u00c7im Hal\u0131"},"content":{"rendered":"\r\n<p><span class=\"has-inline-color has-white-color\">Samur \u00c7im Hal\u0131 Modelleri Online Katalo\u011fu Z\u00fcmr\u00fct Hal\u0131&#8217;da. Yerli \u00c7im Hal\u0131 Samur Bayisi, Curly Kupon Mavi \u00c7im Riviera Do\u011fa. Yapay Sentetik \u00c7im<\/span><\/p>\r\n","protected":false},"excerpt":{"rendered":"<p>Samur \u00c7im Hal\u0131 Modelleri Online Katalo\u011fu Z\u00fcmr\u00fct Hal\u0131&#8217;da. Yerli \u00c7im Hal\u0131 Samur Bayisi, Curly Kupon Mavi \u00c7im Riviera Do\u011fa. Yapay Sentetik \u00c7im<\/p>\n","protected":false},"author":2,"featured_media":3732,"parent":2552,"menu_order":0,"comment_status":"closed","ping_status":"closed","template":"","meta":[],"_links":{"self":[{"href":"https:\/\/www.zumruthali.com\/index.php\/wp-json\/wp\/v2\/pages\/2477"}],"collection":[{"href":"https:\/\/www.zumruthali.com\/index.php\/wp-json\/wp\/v2\/pages"}],"about":[{"href":"https:\/\/www.zumruthali.com\/index.php\/wp-json\/wp\/v2\/types\/page"}],"author":[{"embeddable":true,"href":"https:\/\/www.zumruthali.com\/index.php\/wp-json\/wp\/v2\/users\/2"}],"replies":[{"embeddable":true,"href":"https:\/\/www.zumruthali.com\/index.php\/wp-json\/wp\/v2\/comments?post=2477"}],"version-history":[{"count":3,"href":"https:\/\/www.zumruthali.com\/index.php\/wp-json\/wp\/v2\/pages\/2477\/revisions"}],"predecessor-version":[{"id":3805,"href":"https:\/\/www.zumruthali.com\/index.php\/wp-json\/wp\/v2\/pages\/2477\/revisions\/3805"}],"up":[{"embeddable":true,"href":"https:\/\/www.zumruthali.com\/index.php\/wp-json\/wp\/v2\/pages\/2552"}],"wp:featuredmedia":[{"embeddable":true,"href":"https:\/\/www.zumruthali.com\/index.php\/wp-json\/wp\/v2\/media\/3732"}],"wp:attachment":[{"href":"https:\/\/www.zumruthali.com\/index.php\/wp-json\/wp\/v2\/media?parent=2477"}],"curies":[{"name":"wp","href":"https:\/\/api.w.org\/{rel}","templated":true}]}}