{"id":2510,"date":"2019-08-06T23:50:56","date_gmt":"2019-08-06T20:50:56","guid":{"rendered":"http:\/\/www.zumruthali.com\/?page_id=2510"},"modified":"2020-09-23T13:32:21","modified_gmt":"2020-09-23T10:32:21","slug":"cami-halilari","status":"publish","type":"page","link":"https:\/\/www.zumruthali.com\/index.php\/samur-hali\/cami-halilari\/","title":{"rendered":"Cami Hal\u0131"},"content":{"rendered":"\r\n<p><span class=\"has-inline-color has-white-color\">Samur Cami Hal\u0131 Modelleri en uygun fiyata ve en yeni hal\u0131lar\u0131yla sizlerle. Online katalog. Ata\u015fehir \u0130stanbul, safl\u0131 cami hal\u0131 desenleri<\/span><\/p>\r\n","protected":false},"excerpt":{"rendered":"<p>Samur Cami Hal\u0131 Modelleri en uygun fiyata ve en yeni hal\u0131lar\u0131yla sizlerle. Online katalog. Ata\u015fehir \u0130stanbul, safl\u0131 cami hal\u0131 desenleri<\/p>\n","protected":false},"author":2,"featured_media":3587,"parent":2552,"menu_order":0,"comment_status":"closed","ping_status":"closed","template":"","meta":[],"_links":{"self":[{"href":"https:\/\/www.zumruthali.com\/index.php\/wp-json\/wp\/v2\/pages\/2510"}],"collection":[{"href":"https:\/\/www.zumruthali.com\/index.php\/wp-json\/wp\/v2\/pages"}],"about":[{"href":"https:\/\/www.zumruthali.com\/index.php\/wp-json\/wp\/v2\/types\/page"}],"author":[{"embeddable":true,"href":"https:\/\/www.zumruthali.com\/index.php\/wp-json\/wp\/v2\/users\/2"}],"replies":[{"embeddable":true,"href":"https:\/\/www.zumruthali.com\/index.php\/wp-json\/wp\/v2\/comments?post=2510"}],"version-history":[{"count":3,"href":"https:\/\/www.zumruthali.com\/index.php\/wp-json\/wp\/v2\/pages\/2510\/revisions"}],"predecessor-version":[{"id":3796,"href":"https:\/\/www.zumruthali.com\/index.php\/wp-json\/wp\/v2\/pages\/2510\/revisions\/3796"}],"up":[{"embeddable":true,"href":"https:\/\/www.zumruthali.com\/index.php\/wp-json\/wp\/v2\/pages\/2552"}],"wp:featuredmedia":[{"embeddable":true,"href":"https:\/\/www.zumruthali.com\/index.php\/wp-json\/wp\/v2\/media\/3587"}],"wp:attachment":[{"href":"https:\/\/www.zumruthali.com\/index.php\/wp-json\/wp\/v2\/media?parent=2510"}],"curies":[{"name":"wp","href":"https:\/\/api.w.org\/{rel}","templated":true}]}}