{"id":2533,"date":"2019-08-22T16:15:06","date_gmt":"2019-08-22T13:15:06","guid":{"rendered":"http:\/\/www.zumruthali.com\/?page_id=2533"},"modified":"2020-09-23T13:37:17","modified_gmt":"2020-09-23T10:37:17","slug":"major-2","status":"publish","type":"page","link":"https:\/\/www.zumruthali.com\/index.php\/samur-hali\/evsel-halilar\/major-2\/","title":{"rendered":"Major"},"content":{"rendered":"\r\n<p><span class=\"has-inline-color has-white-color\">Samur Hal\u0131 Major Serisi Z\u00fcmr\u00fct Hal\u0131&#8217;da. Online Katalog: Ba\u015fak Gece Mavisi \u00c7ini Mavi Nohut Pembe B C E A\u00e7\u0131k Kahve L Hardal \u0130, Evsel Hal\u0131<\/span><\/p>\r\n","protected":false},"excerpt":{"rendered":"<p>Samur Hal\u0131 Major Serisi Z\u00fcmr\u00fct Hal\u0131&#8217;da. Online Katalog: Ba\u015fak Gece Mavisi \u00c7ini Mavi Nohut Pembe B C E A\u00e7\u0131k Kahve L Hardal \u0130, Evsel Hal\u0131<\/p>\n","protected":false},"author":2,"featured_media":3800,"parent":2428,"menu_order":0,"comment_status":"closed","ping_status":"closed","template":"","meta":[],"_links":{"self":[{"href":"https:\/\/www.zumruthali.com\/index.php\/wp-json\/wp\/v2\/pages\/2533"}],"collection":[{"href":"https:\/\/www.zumruthali.com\/index.php\/wp-json\/wp\/v2\/pages"}],"about":[{"href":"https:\/\/www.zumruthali.com\/index.php\/wp-json\/wp\/v2\/types\/page"}],"author":[{"embeddable":true,"href":"https:\/\/www.zumruthali.com\/index.php\/wp-json\/wp\/v2\/users\/2"}],"replies":[{"embeddable":true,"href":"https:\/\/www.zumruthali.com\/index.php\/wp-json\/wp\/v2\/comments?post=2533"}],"version-history":[{"count":2,"href":"https:\/\/www.zumruthali.com\/index.php\/wp-json\/wp\/v2\/pages\/2533\/revisions"}],"predecessor-version":[{"id":3801,"href":"https:\/\/www.zumruthali.com\/index.php\/wp-json\/wp\/v2\/pages\/2533\/revisions\/3801"}],"up":[{"embeddable":true,"href":"https:\/\/www.zumruthali.com\/index.php\/wp-json\/wp\/v2\/pages\/2428"}],"wp:featuredmedia":[{"embeddable":true,"href":"https:\/\/www.zumruthali.com\/index.php\/wp-json\/wp\/v2\/media\/3800"}],"wp:attachment":[{"href":"https:\/\/www.zumruthali.com\/index.php\/wp-json\/wp\/v2\/media?parent=2533"}],"curies":[{"name":"wp","href":"https:\/\/api.w.org\/{rel}","templated":true}]}}