{"id":2539,"date":"2019-08-22T16:30:32","date_gmt":"2019-08-22T13:30:32","guid":{"rendered":"http:\/\/www.zumruthali.com\/?page_id=2539"},"modified":"2020-10-13T12:29:24","modified_gmt":"2020-10-13T09:29:24","slug":"anasayfa","status":"publish","type":"page","link":"https:\/\/www.zumruthali.com\/","title":{"rendered":"Anasayfa"},"content":{"rendered":"\r\n<p><span class=\"has-inline-color has-white-color\" style=\"color: #ffffff;\">Anasayfa, Z\u00fcmr\u00fct Hal\u0131 Zemin Market, Ata\u015fehir\/\u0130stanbul Duvardan Duvara Hal\u0131 Ma\u011fazas\u0131, Karo Hal\u0131 Parke PVC Otel Cami Hal\u0131lar\u0131 Samur Dinarsu<\/span><\/p>\r\n<p>&nbsp;<\/p>\r\n","protected":false},"excerpt":{"rendered":"<p>Anasayfa, Z\u00fcmr\u00fct Hal\u0131 Zemin Market, Ata\u015fehir\/\u0130stanbul Duvardan Duvara Hal\u0131 Ma\u011fazas\u0131, Karo Hal\u0131 Parke PVC Otel Cami Hal\u0131lar\u0131 Samur Dinarsu &nbsp;<\/p>\n","protected":false},"author":2,"featured_media":0,"parent":0,"menu_order":0,"comment_status":"closed","ping_status":"closed","template":"","meta":[],"_links":{"self":[{"href":"https:\/\/www.zumruthali.com\/index.php\/wp-json\/wp\/v2\/pages\/2539"}],"collection":[{"href":"https:\/\/www.zumruthali.com\/index.php\/wp-json\/wp\/v2\/pages"}],"about":[{"href":"https:\/\/www.zumruthali.com\/index.php\/wp-json\/wp\/v2\/types\/page"}],"author":[{"embeddable":true,"href":"https:\/\/www.zumruthali.com\/index.php\/wp-json\/wp\/v2\/users\/2"}],"replies":[{"embeddable":true,"href":"https:\/\/www.zumruthali.com\/index.php\/wp-json\/wp\/v2\/comments?post=2539"}],"version-history":[{"count":5,"href":"https:\/\/www.zumruthali.com\/index.php\/wp-json\/wp\/v2\/pages\/2539\/revisions"}],"predecessor-version":[{"id":3822,"href":"https:\/\/www.zumruthali.com\/index.php\/wp-json\/wp\/v2\/pages\/2539\/revisions\/3822"}],"wp:attachment":[{"href":"https:\/\/www.zumruthali.com\/index.php\/wp-json\/wp\/v2\/media?parent=2539"}],"curies":[{"name":"wp","href":"https:\/\/api.w.org\/{rel}","templated":true}]}}