{"id":2558,"date":"2019-08-23T15:50:27","date_gmt":"2019-08-23T12:50:27","guid":{"rendered":"http:\/\/www.zumruthali.com\/?page_id=2558"},"modified":"2020-09-23T13:05:45","modified_gmt":"2020-09-23T10:05:45","slug":"dinarsu","status":"publish","type":"page","link":"https:\/\/www.zumruthali.com\/index.php\/dinarsu\/","title":{"rendered":"Dinarsu"},"content":{"rendered":"\r\n<p><span class=\"has-inline-color has-white-color\">Dinarsu Hal\u0131 Modelleri Online Katalog Z\u00fcmr\u00fct Hal\u0131 Bayisi Bukle Hal\u0131 Scroll Tipi Hal\u0131 T\u00fcyl\u00fc Hal\u0131 Yolluk Ve Paspas<\/span><\/p>\r\n","protected":false},"excerpt":{"rendered":"<p>Dinarsu Hal\u0131 Modelleri Online Katalog Z\u00fcmr\u00fct Hal\u0131 Bayisi Bukle Hal\u0131 Scroll Tipi Hal\u0131 T\u00fcyl\u00fc Hal\u0131 Yolluk Ve Paspas<\/p>\n","protected":false},"author":2,"featured_media":3658,"parent":0,"menu_order":0,"comment_status":"closed","ping_status":"closed","template":"","meta":[],"_links":{"self":[{"href":"https:\/\/www.zumruthali.com\/index.php\/wp-json\/wp\/v2\/pages\/2558"}],"collection":[{"href":"https:\/\/www.zumruthali.com\/index.php\/wp-json\/wp\/v2\/pages"}],"about":[{"href":"https:\/\/www.zumruthali.com\/index.php\/wp-json\/wp\/v2\/types\/page"}],"author":[{"embeddable":true,"href":"https:\/\/www.zumruthali.com\/index.php\/wp-json\/wp\/v2\/users\/2"}],"replies":[{"embeddable":true,"href":"https:\/\/www.zumruthali.com\/index.php\/wp-json\/wp\/v2\/comments?post=2558"}],"version-history":[{"count":4,"href":"https:\/\/www.zumruthali.com\/index.php\/wp-json\/wp\/v2\/pages\/2558\/revisions"}],"predecessor-version":[{"id":3755,"href":"https:\/\/www.zumruthali.com\/index.php\/wp-json\/wp\/v2\/pages\/2558\/revisions\/3755"}],"wp:featuredmedia":[{"embeddable":true,"href":"https:\/\/www.zumruthali.com\/index.php\/wp-json\/wp\/v2\/media\/3658"}],"wp:attachment":[{"href":"https:\/\/www.zumruthali.com\/index.php\/wp-json\/wp\/v2\/media?parent=2558"}],"curies":[{"name":"wp","href":"https:\/\/api.w.org\/{rel}","templated":true}]}}