{"id":2570,"date":"2019-08-23T16:19:26","date_gmt":"2019-08-23T13:19:26","guid":{"rendered":"http:\/\/www.zumruthali.com\/?page_id=2570"},"modified":"2020-09-23T13:33:13","modified_gmt":"2020-09-23T10:33:13","slug":"bukle-hali","status":"publish","type":"page","link":"https:\/\/www.zumruthali.com\/index.php\/dinarsu\/bukle-hali\/","title":{"rendered":"Bukle Hal\u0131"},"content":{"rendered":"\r\n<p><span class=\"has-inline-color has-white-color\">Bukle Hal\u0131 2020 Bukle Hal\u0131 Modelleri Online Katalog Z\u00fcmr\u00fct Hal\u0131 Bayisi Dinarsu Pasifik Atlantik Lotus Milas Oscar Kids Club<\/span><\/p>\r\n","protected":false},"excerpt":{"rendered":"<p>Bukle Hal\u0131 2020 Bukle Hal\u0131 Modelleri Online Katalog Z\u00fcmr\u00fct Hal\u0131 Bayisi Dinarsu Pasifik Atlantik Lotus Milas Oscar Kids Club<\/p>\n","protected":false},"author":2,"featured_media":0,"parent":2558,"menu_order":0,"comment_status":"closed","ping_status":"closed","template":"","meta":[],"_links":{"self":[{"href":"https:\/\/www.zumruthali.com\/index.php\/wp-json\/wp\/v2\/pages\/2570"}],"collection":[{"href":"https:\/\/www.zumruthali.com\/index.php\/wp-json\/wp\/v2\/pages"}],"about":[{"href":"https:\/\/www.zumruthali.com\/index.php\/wp-json\/wp\/v2\/types\/page"}],"author":[{"embeddable":true,"href":"https:\/\/www.zumruthali.com\/index.php\/wp-json\/wp\/v2\/users\/2"}],"replies":[{"embeddable":true,"href":"https:\/\/www.zumruthali.com\/index.php\/wp-json\/wp\/v2\/comments?post=2570"}],"version-history":[{"count":2,"href":"https:\/\/www.zumruthali.com\/index.php\/wp-json\/wp\/v2\/pages\/2570\/revisions"}],"predecessor-version":[{"id":3756,"href":"https:\/\/www.zumruthali.com\/index.php\/wp-json\/wp\/v2\/pages\/2570\/revisions\/3756"}],"up":[{"embeddable":true,"href":"https:\/\/www.zumruthali.com\/index.php\/wp-json\/wp\/v2\/pages\/2558"}],"wp:attachment":[{"href":"https:\/\/www.zumruthali.com\/index.php\/wp-json\/wp\/v2\/media?parent=2570"}],"curies":[{"name":"wp","href":"https:\/\/api.w.org\/{rel}","templated":true}]}}