{"id":2605,"date":"2019-09-10T15:06:35","date_gmt":"2019-09-10T12:06:35","guid":{"rendered":"http:\/\/www.zumruthali.com\/?page_id=2605"},"modified":"2020-09-23T13:33:35","modified_gmt":"2020-09-23T10:33:35","slug":"scroll-tip-sheared","status":"publish","type":"page","link":"https:\/\/www.zumruthali.com\/index.php\/dinarsu\/scroll-tip-sheared\/","title":{"rendered":"Scroll Tip Sheared"},"content":{"rendered":"\r\n<p><span class=\"has-inline-color has-white-color\">Dinarsu Scroll Tip Sheared Hal\u0131 Modelleri Online Katalog Z\u00fcmr\u00fct Hal\u0131 Bayisi Safari Serisi Krem Vizon K\u0131rm\u0131z\u0131 Gri<\/span><\/p>\r\n","protected":false},"excerpt":{"rendered":"<p>Dinarsu Scroll Tip Sheared Hal\u0131 Modelleri Online Katalog Z\u00fcmr\u00fct Hal\u0131 Bayisi Safari Serisi Krem Vizon K\u0131rm\u0131z\u0131 Gri<\/p>\n","protected":false},"author":2,"featured_media":3267,"parent":2558,"menu_order":0,"comment_status":"closed","ping_status":"closed","template":"","meta":[],"_links":{"self":[{"href":"https:\/\/www.zumruthali.com\/index.php\/wp-json\/wp\/v2\/pages\/2605"}],"collection":[{"href":"https:\/\/www.zumruthali.com\/index.php\/wp-json\/wp\/v2\/pages"}],"about":[{"href":"https:\/\/www.zumruthali.com\/index.php\/wp-json\/wp\/v2\/types\/page"}],"author":[{"embeddable":true,"href":"https:\/\/www.zumruthali.com\/index.php\/wp-json\/wp\/v2\/users\/2"}],"replies":[{"embeddable":true,"href":"https:\/\/www.zumruthali.com\/index.php\/wp-json\/wp\/v2\/comments?post=2605"}],"version-history":[{"count":2,"href":"https:\/\/www.zumruthali.com\/index.php\/wp-json\/wp\/v2\/pages\/2605\/revisions"}],"predecessor-version":[{"id":3758,"href":"https:\/\/www.zumruthali.com\/index.php\/wp-json\/wp\/v2\/pages\/2605\/revisions\/3758"}],"up":[{"embeddable":true,"href":"https:\/\/www.zumruthali.com\/index.php\/wp-json\/wp\/v2\/pages\/2558"}],"wp:featuredmedia":[{"embeddable":true,"href":"https:\/\/www.zumruthali.com\/index.php\/wp-json\/wp\/v2\/media\/3267"}],"wp:attachment":[{"href":"https:\/\/www.zumruthali.com\/index.php\/wp-json\/wp\/v2\/media?parent=2605"}],"curies":[{"name":"wp","href":"https:\/\/api.w.org\/{rel}","templated":true}]}}