{"id":2613,"date":"2019-09-10T15:18:54","date_gmt":"2019-09-10T12:18:54","guid":{"rendered":"http:\/\/www.zumruthali.com\/?page_id=2613"},"modified":"2020-09-23T13:34:14","modified_gmt":"2020-09-23T10:34:14","slug":"yolluk-ve-paspaslar","status":"publish","type":"page","link":"https:\/\/www.zumruthali.com\/index.php\/dinarsu\/yolluk-ve-paspaslar\/","title":{"rendered":"Yolluk ve Paspaslar"},"content":{"rendered":"\r\n<p><span class=\"has-inline-color has-white-color\">Dinarsu Yolluk Ve Paspaslar 2020 Hal\u0131 Modelleri Online Katalog Z\u00fcmr\u00fct Hal\u0131 Bayisi Dinarsu Hal\u0131 Afacan Gardenya Paspas \u00c7e\u015fitleri Modelleri<\/span><\/p>\r\n","protected":false},"excerpt":{"rendered":"<p>Dinarsu Yolluk Ve Paspaslar 2020 Hal\u0131 Modelleri Online Katalog Z\u00fcmr\u00fct Hal\u0131 Bayisi Dinarsu Hal\u0131 Afacan Gardenya Paspas \u00c7e\u015fitleri Modelleri<\/p>\n","protected":false},"author":2,"featured_media":3293,"parent":2558,"menu_order":0,"comment_status":"closed","ping_status":"closed","template":"","meta":[],"_links":{"self":[{"href":"https:\/\/www.zumruthali.com\/index.php\/wp-json\/wp\/v2\/pages\/2613"}],"collection":[{"href":"https:\/\/www.zumruthali.com\/index.php\/wp-json\/wp\/v2\/pages"}],"about":[{"href":"https:\/\/www.zumruthali.com\/index.php\/wp-json\/wp\/v2\/types\/page"}],"author":[{"embeddable":true,"href":"https:\/\/www.zumruthali.com\/index.php\/wp-json\/wp\/v2\/users\/2"}],"replies":[{"embeddable":true,"href":"https:\/\/www.zumruthali.com\/index.php\/wp-json\/wp\/v2\/comments?post=2613"}],"version-history":[{"count":2,"href":"https:\/\/www.zumruthali.com\/index.php\/wp-json\/wp\/v2\/pages\/2613\/revisions"}],"predecessor-version":[{"id":3760,"href":"https:\/\/www.zumruthali.com\/index.php\/wp-json\/wp\/v2\/pages\/2613\/revisions\/3760"}],"up":[{"embeddable":true,"href":"https:\/\/www.zumruthali.com\/index.php\/wp-json\/wp\/v2\/pages\/2558"}],"wp:featuredmedia":[{"embeddable":true,"href":"https:\/\/www.zumruthali.com\/index.php\/wp-json\/wp\/v2\/media\/3293"}],"wp:attachment":[{"href":"https:\/\/www.zumruthali.com\/index.php\/wp-json\/wp\/v2\/media?parent=2613"}],"curies":[{"name":"wp","href":"https:\/\/api.w.org\/{rel}","templated":true}]}}