{"id":2623,"date":"2019-09-10T15:31:20","date_gmt":"2019-09-10T12:31:20","guid":{"rendered":"http:\/\/www.zumruthali.com\/?page_id=2623"},"modified":"2020-09-23T13:33:55","modified_gmt":"2020-09-23T10:33:55","slug":"tuylu-halilar","status":"publish","type":"page","link":"https:\/\/www.zumruthali.com\/index.php\/dinarsu\/tuylu-halilar\/","title":{"rendered":"T\u00fcyl\u00fc Hal\u0131lar"},"content":{"rendered":"\r\n<p><span class=\"has-inline-color has-white-color\">Dinarsu T\u00fcyl\u00fc Hal\u0131lar 2020 Hal\u0131 Online Katal\u011fu Dinarsu Hal\u0131 Z\u00fcmr\u00fct Hal\u0131 Bayisi Ambiance Carmen Ayd\u0131n Melody Orion Selection Sinergy<\/span><\/p>\r\n","protected":false},"excerpt":{"rendered":"<p>Dinarsu T\u00fcyl\u00fc Hal\u0131lar 2020 Hal\u0131 Online Katal\u011fu Dinarsu Hal\u0131 Z\u00fcmr\u00fct Hal\u0131 Bayisi Ambiance Carmen Ayd\u0131n Melody Orion Selection Sinergy<\/p>\n","protected":false},"author":2,"featured_media":3284,"parent":2558,"menu_order":0,"comment_status":"closed","ping_status":"closed","template":"","meta":[],"_links":{"self":[{"href":"https:\/\/www.zumruthali.com\/index.php\/wp-json\/wp\/v2\/pages\/2623"}],"collection":[{"href":"https:\/\/www.zumruthali.com\/index.php\/wp-json\/wp\/v2\/pages"}],"about":[{"href":"https:\/\/www.zumruthali.com\/index.php\/wp-json\/wp\/v2\/types\/page"}],"author":[{"embeddable":true,"href":"https:\/\/www.zumruthali.com\/index.php\/wp-json\/wp\/v2\/users\/2"}],"replies":[{"embeddable":true,"href":"https:\/\/www.zumruthali.com\/index.php\/wp-json\/wp\/v2\/comments?post=2623"}],"version-history":[{"count":2,"href":"https:\/\/www.zumruthali.com\/index.php\/wp-json\/wp\/v2\/pages\/2623\/revisions"}],"predecessor-version":[{"id":3759,"href":"https:\/\/www.zumruthali.com\/index.php\/wp-json\/wp\/v2\/pages\/2623\/revisions\/3759"}],"up":[{"embeddable":true,"href":"https:\/\/www.zumruthali.com\/index.php\/wp-json\/wp\/v2\/pages\/2558"}],"wp:featuredmedia":[{"embeddable":true,"href":"https:\/\/www.zumruthali.com\/index.php\/wp-json\/wp\/v2\/media\/3284"}],"wp:attachment":[{"href":"https:\/\/www.zumruthali.com\/index.php\/wp-json\/wp\/v2\/media?parent=2623"}],"curies":[{"name":"wp","href":"https:\/\/api.w.org\/{rel}","templated":true}]}}