{"id":2812,"date":"2020-08-19T15:17:16","date_gmt":"2020-08-19T12:17:16","guid":{"rendered":"http:\/\/www.zumruthali.com\/?page_id=2812"},"modified":"2020-09-23T13:36:38","modified_gmt":"2020-09-23T10:36:38","slug":"ithal-cocuk-halisi","status":"publish","type":"page","link":"https:\/\/www.zumruthali.com\/index.php\/ithal-urunler\/ithal-cocuk-halisi\/","title":{"rendered":"\u00c7ocuk Hal\u0131s\u0131"},"content":{"rendered":"\r\n<p><span class=\"has-inline-color has-white-color\">\u00c7ocuk Hal\u0131s\u0131 2020 Online Hal\u0131 Katalo\u011fu Z\u00fcmr\u00fct Hal\u0131 Bayisi. Little Village Star War Smart City Papillon Maya World of Cars. \u00c7ocuk Odas\u0131 Hal\u0131<\/span><\/p>\r\n","protected":false},"excerpt":{"rendered":"<p>\u00c7ocuk Hal\u0131s\u0131 2020 Online Hal\u0131 Katalo\u011fu Z\u00fcmr\u00fct Hal\u0131 Bayisi. Little Village Star War Smart City Papillon Maya World of Cars. \u00c7ocuk Odas\u0131 Hal\u0131<\/p>\n","protected":false},"author":2,"featured_media":3251,"parent":2772,"menu_order":0,"comment_status":"closed","ping_status":"closed","template":"","meta":[],"_links":{"self":[{"href":"https:\/\/www.zumruthali.com\/index.php\/wp-json\/wp\/v2\/pages\/2812"}],"collection":[{"href":"https:\/\/www.zumruthali.com\/index.php\/wp-json\/wp\/v2\/pages"}],"about":[{"href":"https:\/\/www.zumruthali.com\/index.php\/wp-json\/wp\/v2\/types\/page"}],"author":[{"embeddable":true,"href":"https:\/\/www.zumruthali.com\/index.php\/wp-json\/wp\/v2\/users\/2"}],"replies":[{"embeddable":true,"href":"https:\/\/www.zumruthali.com\/index.php\/wp-json\/wp\/v2\/comments?post=2812"}],"version-history":[{"count":3,"href":"https:\/\/www.zumruthali.com\/index.php\/wp-json\/wp\/v2\/pages\/2812\/revisions"}],"predecessor-version":[{"id":3764,"href":"https:\/\/www.zumruthali.com\/index.php\/wp-json\/wp\/v2\/pages\/2812\/revisions\/3764"}],"up":[{"embeddable":true,"href":"https:\/\/www.zumruthali.com\/index.php\/wp-json\/wp\/v2\/pages\/2772"}],"wp:featuredmedia":[{"embeddable":true,"href":"https:\/\/www.zumruthali.com\/index.php\/wp-json\/wp\/v2\/media\/3251"}],"wp:attachment":[{"href":"https:\/\/www.zumruthali.com\/index.php\/wp-json\/wp\/v2\/media?parent=2812"}],"curies":[{"name":"wp","href":"https:\/\/api.w.org\/{rel}","templated":true}]}}