{"id":2841,"date":"2020-08-20T10:58:49","date_gmt":"2020-08-20T07:58:49","guid":{"rendered":"http:\/\/www.zumruthali.com\/?page_id=2841"},"modified":"2020-09-23T13:41:03","modified_gmt":"2020-09-23T10:41:03","slug":"polipropilen-hali","status":"publish","type":"page","link":"https:\/\/www.zumruthali.com\/index.php\/ithal-urunler\/polipropilen-hali\/","title":{"rendered":"Polipropilen Hal\u0131"},"content":{"rendered":"\r\n<p><span class=\"has-inline-color has-white-color\">Polipropilen Hal\u0131 \u00c7e\u015fitleri 2020 Online Hal\u0131 Katalo\u011fu Polipropilen Ve Hal\u0131 \u00c7e\u015fitleri Harmony Casablanca Havana<\/span><\/p>\r\n","protected":false},"excerpt":{"rendered":"<p>Polipropilen Hal\u0131 \u00c7e\u015fitleri 2020 Online Hal\u0131 Katalo\u011fu Polipropilen Ve Hal\u0131 \u00c7e\u015fitleri Harmony Casablanca Havana<\/p>\n","protected":false},"author":2,"featured_media":0,"parent":2772,"menu_order":0,"comment_status":"closed","ping_status":"closed","template":"","meta":[],"_links":{"self":[{"href":"https:\/\/www.zumruthali.com\/index.php\/wp-json\/wp\/v2\/pages\/2841"}],"collection":[{"href":"https:\/\/www.zumruthali.com\/index.php\/wp-json\/wp\/v2\/pages"}],"about":[{"href":"https:\/\/www.zumruthali.com\/index.php\/wp-json\/wp\/v2\/types\/page"}],"author":[{"embeddable":true,"href":"https:\/\/www.zumruthali.com\/index.php\/wp-json\/wp\/v2\/users\/2"}],"replies":[{"embeddable":true,"href":"https:\/\/www.zumruthali.com\/index.php\/wp-json\/wp\/v2\/comments?post=2841"}],"version-history":[{"count":4,"href":"https:\/\/www.zumruthali.com\/index.php\/wp-json\/wp\/v2\/pages\/2841\/revisions"}],"predecessor-version":[{"id":3806,"href":"https:\/\/www.zumruthali.com\/index.php\/wp-json\/wp\/v2\/pages\/2841\/revisions\/3806"}],"up":[{"embeddable":true,"href":"https:\/\/www.zumruthali.com\/index.php\/wp-json\/wp\/v2\/pages\/2772"}],"wp:attachment":[{"href":"https:\/\/www.zumruthali.com\/index.php\/wp-json\/wp\/v2\/media?parent=2841"}],"curies":[{"name":"wp","href":"https:\/\/api.w.org\/{rel}","templated":true}]}}