{"id":2874,"date":"2020-08-20T11:42:32","date_gmt":"2020-08-20T08:42:32","guid":{"rendered":"http:\/\/www.zumruthali.com\/?page_id=2874"},"modified":"2020-09-23T13:40:43","modified_gmt":"2020-09-23T10:40:43","slug":"otel-halilari","status":"publish","type":"page","link":"https:\/\/www.zumruthali.com\/index.php\/ithal-urunler\/otel-halilari\/","title":{"rendered":"Otel Hal\u0131lar\u0131"},"content":{"rendered":"\r\n<p><span class=\"has-inline-color has-white-color\">Otel Hal\u0131lar\u0131 2020 Online Otel Hal\u0131s\u0131 Katalo\u011fu Z\u00fcmr\u00fct Hal\u0131 Bayisi Otel Hal\u0131s\u0131 \u00c7e\u015fitleri Ve Modelleri Chambord Rockefeller<\/span><\/p>\r\n","protected":false},"excerpt":{"rendered":"<p>Otel Hal\u0131lar\u0131 2020 Online Otel Hal\u0131s\u0131 Katalo\u011fu Z\u00fcmr\u00fct Hal\u0131 Bayisi Otel Hal\u0131s\u0131 \u00c7e\u015fitleri Ve Modelleri Chambord Rockefeller<\/p>\n","protected":false},"author":2,"featured_media":0,"parent":2772,"menu_order":0,"comment_status":"closed","ping_status":"closed","template":"","meta":[],"_links":{"self":[{"href":"https:\/\/www.zumruthali.com\/index.php\/wp-json\/wp\/v2\/pages\/2874"}],"collection":[{"href":"https:\/\/www.zumruthali.com\/index.php\/wp-json\/wp\/v2\/pages"}],"about":[{"href":"https:\/\/www.zumruthali.com\/index.php\/wp-json\/wp\/v2\/types\/page"}],"author":[{"embeddable":true,"href":"https:\/\/www.zumruthali.com\/index.php\/wp-json\/wp\/v2\/users\/2"}],"replies":[{"embeddable":true,"href":"https:\/\/www.zumruthali.com\/index.php\/wp-json\/wp\/v2\/comments?post=2874"}],"version-history":[{"count":2,"href":"https:\/\/www.zumruthali.com\/index.php\/wp-json\/wp\/v2\/pages\/2874\/revisions"}],"predecessor-version":[{"id":3774,"href":"https:\/\/www.zumruthali.com\/index.php\/wp-json\/wp\/v2\/pages\/2874\/revisions\/3774"}],"up":[{"embeddable":true,"href":"https:\/\/www.zumruthali.com\/index.php\/wp-json\/wp\/v2\/pages\/2772"}],"wp:attachment":[{"href":"https:\/\/www.zumruthali.com\/index.php\/wp-json\/wp\/v2\/media?parent=2874"}],"curies":[{"name":"wp","href":"https:\/\/api.w.org\/{rel}","templated":true}]}}