{"id":3065,"date":"2020-08-24T14:08:06","date_gmt":"2020-08-24T11:08:06","guid":{"rendered":"http:\/\/www.zumruthali.com\/?page_id=3065"},"modified":"2020-09-23T13:42:27","modified_gmt":"2020-09-23T10:42:27","slug":"ofis-halisi","status":"publish","type":"page","link":"https:\/\/www.zumruthali.com\/index.php\/ithal-urunler\/ofis-halisi\/","title":{"rendered":"Ofis Hal\u0131s\u0131"},"content":{"rendered":"\r\n<p><span class=\"has-inline-color has-white-color\">Ofis Hal\u0131lar\u0131 2020 Online Hal\u0131 Katalo\u011fu Z\u00fcmr\u00fct Hal\u0131 Bayisi. Ofis Hal\u0131 Modelleri Durban Dover Olympus Zorba Taurus Duvardan .Duvara Uygun Fiyat<\/span><\/p>\r\n","protected":false},"excerpt":{"rendered":"<p>Ofis Hal\u0131lar\u0131 2020 Online Hal\u0131 Katalo\u011fu Z\u00fcmr\u00fct Hal\u0131 Bayisi. Ofis Hal\u0131 Modelleri Durban Dover Olympus Zorba Taurus Duvardan .Duvara Uygun Fiyat<\/p>\n","protected":false},"author":2,"featured_media":0,"parent":2772,"menu_order":0,"comment_status":"closed","ping_status":"closed","template":"","meta":[],"_links":{"self":[{"href":"https:\/\/www.zumruthali.com\/index.php\/wp-json\/wp\/v2\/pages\/3065"}],"collection":[{"href":"https:\/\/www.zumruthali.com\/index.php\/wp-json\/wp\/v2\/pages"}],"about":[{"href":"https:\/\/www.zumruthali.com\/index.php\/wp-json\/wp\/v2\/types\/page"}],"author":[{"embeddable":true,"href":"https:\/\/www.zumruthali.com\/index.php\/wp-json\/wp\/v2\/users\/2"}],"replies":[{"embeddable":true,"href":"https:\/\/www.zumruthali.com\/index.php\/wp-json\/wp\/v2\/comments?post=3065"}],"version-history":[{"count":2,"href":"https:\/\/www.zumruthali.com\/index.php\/wp-json\/wp\/v2\/pages\/3065\/revisions"}],"predecessor-version":[{"id":3773,"href":"https:\/\/www.zumruthali.com\/index.php\/wp-json\/wp\/v2\/pages\/3065\/revisions\/3773"}],"up":[{"embeddable":true,"href":"https:\/\/www.zumruthali.com\/index.php\/wp-json\/wp\/v2\/pages\/2772"}],"wp:attachment":[{"href":"https:\/\/www.zumruthali.com\/index.php\/wp-json\/wp\/v2\/media?parent=3065"}],"curies":[{"name":"wp","href":"https:\/\/api.w.org\/{rel}","templated":true}]}}