{"id":3159,"date":"2020-08-24T17:03:20","date_gmt":"2020-08-24T14:03:20","guid":{"rendered":"http:\/\/www.zumruthali.com\/?page_id=3159"},"modified":"2020-09-23T13:41:21","modified_gmt":"2020-09-23T10:41:21","slug":"polyamid-hali","status":"publish","type":"page","link":"https:\/\/www.zumruthali.com\/index.php\/ithal-urunler\/polyamid-hali\/","title":{"rendered":"Polyamid Hal\u0131"},"content":{"rendered":"\r\n<p><span class=\"has-inline-color has-white-color\">Polyamid Hal\u0131 2020 Online \u00dcr\u00fcn Katalo\u011fu Ve Hal\u0131 \u00c7e\u015fitleri Dscrta Obsession Omphale Seduction Selection Sonata Surprise<\/span><\/p>\r\n","protected":false},"excerpt":{"rendered":"<p>Polyamid Hal\u0131 2020 Online \u00dcr\u00fcn Katalo\u011fu Ve Hal\u0131 \u00c7e\u015fitleri Dscrta Obsession Omphale Seduction Selection Sonata Surprise<\/p>\n","protected":false},"author":2,"featured_media":0,"parent":2772,"menu_order":0,"comment_status":"closed","ping_status":"closed","template":"","meta":[],"_links":{"self":[{"href":"https:\/\/www.zumruthali.com\/index.php\/wp-json\/wp\/v2\/pages\/3159"}],"collection":[{"href":"https:\/\/www.zumruthali.com\/index.php\/wp-json\/wp\/v2\/pages"}],"about":[{"href":"https:\/\/www.zumruthali.com\/index.php\/wp-json\/wp\/v2\/types\/page"}],"author":[{"embeddable":true,"href":"https:\/\/www.zumruthali.com\/index.php\/wp-json\/wp\/v2\/users\/2"}],"replies":[{"embeddable":true,"href":"https:\/\/www.zumruthali.com\/index.php\/wp-json\/wp\/v2\/comments?post=3159"}],"version-history":[{"count":2,"href":"https:\/\/www.zumruthali.com\/index.php\/wp-json\/wp\/v2\/pages\/3159\/revisions"}],"predecessor-version":[{"id":3778,"href":"https:\/\/www.zumruthali.com\/index.php\/wp-json\/wp\/v2\/pages\/3159\/revisions\/3778"}],"up":[{"embeddable":true,"href":"https:\/\/www.zumruthali.com\/index.php\/wp-json\/wp\/v2\/pages\/2772"}],"wp:attachment":[{"href":"https:\/\/www.zumruthali.com\/index.php\/wp-json\/wp\/v2\/media?parent=3159"}],"curies":[{"name":"wp","href":"https:\/\/api.w.org\/{rel}","templated":true}]}}