{"id":3162,"date":"2020-08-24T17:10:55","date_gmt":"2020-08-24T14:10:55","guid":{"rendered":"http:\/\/www.zumruthali.com\/?page_id=3162"},"modified":"2020-09-23T13:23:22","modified_gmt":"2020-09-23T10:23:22","slug":"polyester-hali","status":"publish","type":"page","link":"https:\/\/www.zumruthali.com\/index.php\/ithal-urunler\/polyester-hali\/","title":{"rendered":"Polyester Hal\u0131"},"content":{"rendered":"\r\n<p><span class=\"has-inline-color has-white-color\">Polyester Hal\u0131 Z\u00fcmr\u00fct Hal\u0131&#8217;da, \u0130thal Polyester Duvardan Duvara Hal\u0131 Equinox ve Lexus Royale Serileri Online Katalo\u011fu 2020 Modelleri \u0130stanbul<\/span><\/p>\r\n","protected":false},"excerpt":{"rendered":"<p>Polyester Hal\u0131 Z\u00fcmr\u00fct Hal\u0131&#8217;da, \u0130thal Polyester Duvardan Duvara Hal\u0131 Equinox ve Lexus Royale Serileri Online Katalo\u011fu 2020 Modelleri \u0130stanbul<\/p>\n","protected":false},"author":2,"featured_media":0,"parent":2772,"menu_order":0,"comment_status":"closed","ping_status":"closed","template":"","meta":[],"_links":{"self":[{"href":"https:\/\/www.zumruthali.com\/index.php\/wp-json\/wp\/v2\/pages\/3162"}],"collection":[{"href":"https:\/\/www.zumruthali.com\/index.php\/wp-json\/wp\/v2\/pages"}],"about":[{"href":"https:\/\/www.zumruthali.com\/index.php\/wp-json\/wp\/v2\/types\/page"}],"author":[{"embeddable":true,"href":"https:\/\/www.zumruthali.com\/index.php\/wp-json\/wp\/v2\/users\/2"}],"replies":[{"embeddable":true,"href":"https:\/\/www.zumruthali.com\/index.php\/wp-json\/wp\/v2\/comments?post=3162"}],"version-history":[{"count":2,"href":"https:\/\/www.zumruthali.com\/index.php\/wp-json\/wp\/v2\/pages\/3162\/revisions"}],"predecessor-version":[{"id":3780,"href":"https:\/\/www.zumruthali.com\/index.php\/wp-json\/wp\/v2\/pages\/3162\/revisions\/3780"}],"up":[{"embeddable":true,"href":"https:\/\/www.zumruthali.com\/index.php\/wp-json\/wp\/v2\/pages\/2772"}],"wp:attachment":[{"href":"https:\/\/www.zumruthali.com\/index.php\/wp-json\/wp\/v2\/media?parent=3162"}],"curies":[{"name":"wp","href":"https:\/\/api.w.org\/{rel}","templated":true}]}}