{"id":3173,"date":"2020-08-24T17:34:37","date_gmt":"2020-08-24T14:34:37","guid":{"rendered":"http:\/\/www.zumruthali.com\/?page_id=3173"},"modified":"2020-09-23T13:44:40","modified_gmt":"2020-09-23T10:44:40","slug":"sisal-hali","status":"publish","type":"page","link":"https:\/\/www.zumruthali.com\/index.php\/ithal-urunler\/sisal-hali\/","title":{"rendered":"Sisal Hal\u0131"},"content":{"rendered":"\r\n<p><span class=\"has-inline-color has-white-color\">\u0130thal Sisal Hal\u0131lar Z\u00fcmr\u00fct Hal\u0131&#8217;da, Uygun Fiyata Sisal Hal\u0131 Online Katalo\u011fu. Nature Rustique Sisal Serileri Son Hal\u0131 Trendleri Ata\u015fehir<\/span><\/p>\r\n","protected":false},"excerpt":{"rendered":"<p>\u0130thal Sisal Hal\u0131lar Z\u00fcmr\u00fct Hal\u0131&#8217;da, Uygun Fiyata Sisal Hal\u0131 Online Katalo\u011fu. Nature Rustique Sisal Serileri Son Hal\u0131 Trendleri Ata\u015fehir<\/p>\n","protected":false},"author":2,"featured_media":0,"parent":2772,"menu_order":0,"comment_status":"closed","ping_status":"closed","template":"","meta":[],"_links":{"self":[{"href":"https:\/\/www.zumruthali.com\/index.php\/wp-json\/wp\/v2\/pages\/3173"}],"collection":[{"href":"https:\/\/www.zumruthali.com\/index.php\/wp-json\/wp\/v2\/pages"}],"about":[{"href":"https:\/\/www.zumruthali.com\/index.php\/wp-json\/wp\/v2\/types\/page"}],"author":[{"embeddable":true,"href":"https:\/\/www.zumruthali.com\/index.php\/wp-json\/wp\/v2\/users\/2"}],"replies":[{"embeddable":true,"href":"https:\/\/www.zumruthali.com\/index.php\/wp-json\/wp\/v2\/comments?post=3173"}],"version-history":[{"count":2,"href":"https:\/\/www.zumruthali.com\/index.php\/wp-json\/wp\/v2\/pages\/3173\/revisions"}],"predecessor-version":[{"id":3783,"href":"https:\/\/www.zumruthali.com\/index.php\/wp-json\/wp\/v2\/pages\/3173\/revisions\/3783"}],"up":[{"embeddable":true,"href":"https:\/\/www.zumruthali.com\/index.php\/wp-json\/wp\/v2\/pages\/2772"}],"wp:attachment":[{"href":"https:\/\/www.zumruthali.com\/index.php\/wp-json\/wp\/v2\/media?parent=3173"}],"curies":[{"name":"wp","href":"https:\/\/api.w.org\/{rel}","templated":true}]}}