{"id":3190,"date":"2020-08-24T17:49:03","date_gmt":"2020-08-24T14:49:03","guid":{"rendered":"http:\/\/www.zumruthali.com\/?page_id=3190"},"modified":"2020-09-23T13:44:19","modified_gmt":"2020-09-23T10:44:19","slug":"rulo-paspas-2","status":"publish","type":"page","link":"https:\/\/www.zumruthali.com\/index.php\/ithal-urunler\/rulo-paspas-2\/","title":{"rendered":"Rulo Paspas"},"content":{"rendered":"\r\n<p><span class=\"has-inline-color has-white-color\">\u0130thal Rulo Paspas 2020 Hal\u0131 Modelleri Z\u00fcmr\u00fct Hal\u0131&#8217;da, Bali. Faro Girona, Kokos, Leyla 50, Lombok 2098, Leyla 61 Online Katalog Uygun Fiyat<\/span><\/p>\r\n","protected":false},"excerpt":{"rendered":"<p>\u0130thal Rulo Paspas 2020 Hal\u0131 Modelleri Z\u00fcmr\u00fct Hal\u0131&#8217;da, Bali. Faro Girona, Kokos, Leyla 50, Lombok 2098, Leyla 61 Online Katalog Uygun Fiyat<\/p>\n","protected":false},"author":2,"featured_media":0,"parent":2772,"menu_order":0,"comment_status":"closed","ping_status":"closed","template":"","meta":[],"_links":{"self":[{"href":"https:\/\/www.zumruthali.com\/index.php\/wp-json\/wp\/v2\/pages\/3190"}],"collection":[{"href":"https:\/\/www.zumruthali.com\/index.php\/wp-json\/wp\/v2\/pages"}],"about":[{"href":"https:\/\/www.zumruthali.com\/index.php\/wp-json\/wp\/v2\/types\/page"}],"author":[{"embeddable":true,"href":"https:\/\/www.zumruthali.com\/index.php\/wp-json\/wp\/v2\/users\/2"}],"replies":[{"embeddable":true,"href":"https:\/\/www.zumruthali.com\/index.php\/wp-json\/wp\/v2\/comments?post=3190"}],"version-history":[{"count":2,"href":"https:\/\/www.zumruthali.com\/index.php\/wp-json\/wp\/v2\/pages\/3190\/revisions"}],"predecessor-version":[{"id":3782,"href":"https:\/\/www.zumruthali.com\/index.php\/wp-json\/wp\/v2\/pages\/3190\/revisions\/3782"}],"up":[{"embeddable":true,"href":"https:\/\/www.zumruthali.com\/index.php\/wp-json\/wp\/v2\/pages\/2772"}],"wp:attachment":[{"href":"https:\/\/www.zumruthali.com\/index.php\/wp-json\/wp\/v2\/media?parent=3190"}],"curies":[{"name":"wp","href":"https:\/\/api.w.org\/{rel}","templated":true}]}}