{"id":3237,"date":"2020-08-25T11:31:47","date_gmt":"2020-08-25T08:31:47","guid":{"rendered":"http:\/\/www.zumruthali.com\/?page_id=3237"},"modified":"2020-09-23T13:46:46","modified_gmt":"2020-09-23T10:46:46","slug":"bella","status":"publish","type":"page","link":"https:\/\/www.zumruthali.com\/index.php\/agt-parke\/bella\/","title":{"rendered":"Bella"},"content":{"rendered":"\r\n<p><span class=\"has-inline-color has-white-color\">Laminat Parke Bella Serisi Online Katalo\u011fu Z\u00fcmr\u00fct Hal\u0131&#8217;da! Frezya, Akasya, Mimoza, Lilyum, Anemon, Vegas, Uygun Fiyata 2020 Agt Parke Bayi<\/span><\/p>\r\n","protected":false},"excerpt":{"rendered":"<p>Laminat Parke Bella Serisi Online Katalo\u011fu Z\u00fcmr\u00fct Hal\u0131&#8217;da! Frezya, Akasya, Mimoza, Lilyum, Anemon, Vegas, Uygun Fiyata 2020 Agt Parke Bayi<\/p>\n","protected":false},"author":2,"featured_media":0,"parent":3358,"menu_order":0,"comment_status":"closed","ping_status":"closed","template":"","meta":[],"_links":{"self":[{"href":"https:\/\/www.zumruthali.com\/index.php\/wp-json\/wp\/v2\/pages\/3237"}],"collection":[{"href":"https:\/\/www.zumruthali.com\/index.php\/wp-json\/wp\/v2\/pages"}],"about":[{"href":"https:\/\/www.zumruthali.com\/index.php\/wp-json\/wp\/v2\/types\/page"}],"author":[{"embeddable":true,"href":"https:\/\/www.zumruthali.com\/index.php\/wp-json\/wp\/v2\/users\/2"}],"replies":[{"embeddable":true,"href":"https:\/\/www.zumruthali.com\/index.php\/wp-json\/wp\/v2\/comments?post=3237"}],"version-history":[{"count":3,"href":"https:\/\/www.zumruthali.com\/index.php\/wp-json\/wp\/v2\/pages\/3237\/revisions"}],"predecessor-version":[{"id":3745,"href":"https:\/\/www.zumruthali.com\/index.php\/wp-json\/wp\/v2\/pages\/3237\/revisions\/3745"}],"up":[{"embeddable":true,"href":"https:\/\/www.zumruthali.com\/index.php\/wp-json\/wp\/v2\/pages\/3358"}],"wp:attachment":[{"href":"https:\/\/www.zumruthali.com\/index.php\/wp-json\/wp\/v2\/media?parent=3237"}],"curies":[{"name":"wp","href":"https:\/\/api.w.org\/{rel}","templated":true}]}}