{"id":3357,"date":"2020-08-25T15:14:28","date_gmt":"2020-08-25T12:14:28","guid":{"rendered":"http:\/\/www.zumruthali.com\/?page_id=3357"},"modified":"2020-09-23T13:47:57","modified_gmt":"2020-09-23T10:47:57","slug":"concept-10mm","status":"publish","type":"page","link":"https:\/\/www.zumruthali.com\/index.php\/agt-parke\/concept-10mm\/","title":{"rendered":"Concept 10mm"},"content":{"rendered":"\r\n<p><span class=\"has-inline-color has-white-color\">Concept 10mm Serisi Online Katalo\u011fu Z\u00fcmr\u00fct Hal\u0131&#8217;da! En yeni ve uygun fiyata 2020 Laminat Parke Modelleri, Agt Parke Duvardan Duvara D\u00f6\u015feme<\/span><\/p>\r\n","protected":false},"excerpt":{"rendered":"<p>Concept 10mm Serisi Online Katalo\u011fu Z\u00fcmr\u00fct Hal\u0131&#8217;da! En yeni ve uygun fiyata 2020 Laminat Parke Modelleri, Agt Parke Duvardan Duvara D\u00f6\u015feme<\/p>\n","protected":false},"author":4,"featured_media":0,"parent":3358,"menu_order":0,"comment_status":"closed","ping_status":"closed","template":"","meta":[],"_links":{"self":[{"href":"https:\/\/www.zumruthali.com\/index.php\/wp-json\/wp\/v2\/pages\/3357"}],"collection":[{"href":"https:\/\/www.zumruthali.com\/index.php\/wp-json\/wp\/v2\/pages"}],"about":[{"href":"https:\/\/www.zumruthali.com\/index.php\/wp-json\/wp\/v2\/types\/page"}],"author":[{"embeddable":true,"href":"https:\/\/www.zumruthali.com\/index.php\/wp-json\/wp\/v2\/users\/4"}],"replies":[{"embeddable":true,"href":"https:\/\/www.zumruthali.com\/index.php\/wp-json\/wp\/v2\/comments?post=3357"}],"version-history":[{"count":2,"href":"https:\/\/www.zumruthali.com\/index.php\/wp-json\/wp\/v2\/pages\/3357\/revisions"}],"predecessor-version":[{"id":3746,"href":"https:\/\/www.zumruthali.com\/index.php\/wp-json\/wp\/v2\/pages\/3357\/revisions\/3746"}],"up":[{"embeddable":true,"href":"https:\/\/www.zumruthali.com\/index.php\/wp-json\/wp\/v2\/pages\/3358"}],"wp:attachment":[{"href":"https:\/\/www.zumruthali.com\/index.php\/wp-json\/wp\/v2\/media?parent=3357"}],"curies":[{"name":"wp","href":"https:\/\/api.w.org\/{rel}","templated":true}]}}