{"id":3378,"date":"2020-08-25T16:02:23","date_gmt":"2020-08-25T13:02:23","guid":{"rendered":"http:\/\/www.zumruthali.com\/?page_id=3378"},"modified":"2020-09-23T13:27:24","modified_gmt":"2020-09-23T10:27:24","slug":"natura-large","status":"publish","type":"page","link":"https:\/\/www.zumruthali.com\/index.php\/agt-parke\/natura-large\/","title":{"rendered":"Natura Large"},"content":{"rendered":"\r\n<p><span class=\"has-inline-color has-white-color\">Natura Large serisi 2020 Laminant Parke Modelleri Online Katalog Agt Parke Z\u00fcmr\u00fct Hal\u0131 Bayisi Minori Napoli Sorento Toskana Palermo Ravello<\/span><\/p>\r\n","protected":false},"excerpt":{"rendered":"<p>Natura Large serisi 2020 Laminant Parke Modelleri Online Katalog Agt Parke Z\u00fcmr\u00fct Hal\u0131 Bayisi Minori Napoli Sorento Toskana Palermo Ravello<\/p>\n","protected":false},"author":2,"featured_media":0,"parent":3358,"menu_order":0,"comment_status":"closed","ping_status":"closed","template":"","meta":[],"_links":{"self":[{"href":"https:\/\/www.zumruthali.com\/index.php\/wp-json\/wp\/v2\/pages\/3378"}],"collection":[{"href":"https:\/\/www.zumruthali.com\/index.php\/wp-json\/wp\/v2\/pages"}],"about":[{"href":"https:\/\/www.zumruthali.com\/index.php\/wp-json\/wp\/v2\/types\/page"}],"author":[{"embeddable":true,"href":"https:\/\/www.zumruthali.com\/index.php\/wp-json\/wp\/v2\/users\/2"}],"replies":[{"embeddable":true,"href":"https:\/\/www.zumruthali.com\/index.php\/wp-json\/wp\/v2\/comments?post=3378"}],"version-history":[{"count":2,"href":"https:\/\/www.zumruthali.com\/index.php\/wp-json\/wp\/v2\/pages\/3378\/revisions"}],"predecessor-version":[{"id":3751,"href":"https:\/\/www.zumruthali.com\/index.php\/wp-json\/wp\/v2\/pages\/3378\/revisions\/3751"}],"up":[{"embeddable":true,"href":"https:\/\/www.zumruthali.com\/index.php\/wp-json\/wp\/v2\/pages\/3358"}],"wp:attachment":[{"href":"https:\/\/www.zumruthali.com\/index.php\/wp-json\/wp\/v2\/media?parent=3378"}],"curies":[{"name":"wp","href":"https:\/\/api.w.org\/{rel}","templated":true}]}}