{"id":3386,"date":"2020-08-25T15:46:03","date_gmt":"2020-08-25T12:46:03","guid":{"rendered":"http:\/\/www.zumruthali.com\/?page_id=3386"},"modified":"2020-09-23T13:48:14","modified_gmt":"2020-09-23T10:48:14","slug":"effect","status":"publish","type":"page","link":"https:\/\/www.zumruthali.com\/index.php\/agt-parke\/effect\/","title":{"rendered":"Effect"},"content":{"rendered":"\r\n<p><span class=\"has-inline-color has-white-color\">Agt Parke Effect Serisi Online Katalo\u011fu 2020 Modelleri ve uygun fiyatlar\u0131yla sizlerle! Salon Mutfak ofis i\u00e7in duvardan duvara laminat parke<\/span><\/p>\r\n\r\n\r\n\r\n<p>&nbsp;<\/p>\r\n","protected":false},"excerpt":{"rendered":"<p>Agt Parke Effect Serisi Online Katalo\u011fu 2020 Modelleri ve uygun fiyatlar\u0131yla sizlerle! Salon Mutfak ofis i\u00e7in duvardan duvara laminat parke &nbsp;<\/p>\n","protected":false},"author":2,"featured_media":0,"parent":3358,"menu_order":0,"comment_status":"closed","ping_status":"closed","template":"","meta":[],"_links":{"self":[{"href":"https:\/\/www.zumruthali.com\/index.php\/wp-json\/wp\/v2\/pages\/3386"}],"collection":[{"href":"https:\/\/www.zumruthali.com\/index.php\/wp-json\/wp\/v2\/pages"}],"about":[{"href":"https:\/\/www.zumruthali.com\/index.php\/wp-json\/wp\/v2\/types\/page"}],"author":[{"embeddable":true,"href":"https:\/\/www.zumruthali.com\/index.php\/wp-json\/wp\/v2\/users\/2"}],"replies":[{"embeddable":true,"href":"https:\/\/www.zumruthali.com\/index.php\/wp-json\/wp\/v2\/comments?post=3386"}],"version-history":[{"count":5,"href":"https:\/\/www.zumruthali.com\/index.php\/wp-json\/wp\/v2\/pages\/3386\/revisions"}],"predecessor-version":[{"id":3824,"href":"https:\/\/www.zumruthali.com\/index.php\/wp-json\/wp\/v2\/pages\/3386\/revisions\/3824"}],"up":[{"embeddable":true,"href":"https:\/\/www.zumruthali.com\/index.php\/wp-json\/wp\/v2\/pages\/3358"}],"wp:attachment":[{"href":"https:\/\/www.zumruthali.com\/index.php\/wp-json\/wp\/v2\/media?parent=3386"}],"curies":[{"name":"wp","href":"https:\/\/api.w.org\/{rel}","templated":true}]}}