{"id":3388,"date":"2020-08-25T15:36:16","date_gmt":"2020-08-25T12:36:16","guid":{"rendered":"http:\/\/www.zumruthali.com\/?page_id=3388"},"modified":"2020-09-23T13:48:44","modified_gmt":"2020-09-23T10:48:44","slug":"effect-elegance","status":"publish","type":"page","link":"https:\/\/www.zumruthali.com\/index.php\/agt-parke\/effect-elegance\/","title":{"rendered":"Effect Elegance"},"content":{"rendered":"\r\n<p><span class=\"has-inline-color has-white-color\">Effect Elegance Serisi 2020 Laminat Parke Modelleri Online Katalo\u011fu Agt Parke Z\u00fcmr\u00fct Hal\u0131 Bayisinde, Atlas Elbruz Logan Solaro Nirvana<\/span><\/p>\r\n","protected":false},"excerpt":{"rendered":"<p>Effect Elegance Serisi 2020 Laminat Parke Modelleri Online Katalo\u011fu Agt Parke Z\u00fcmr\u00fct Hal\u0131 Bayisinde, Atlas Elbruz Logan Solaro Nirvana<\/p>\n","protected":false},"author":2,"featured_media":0,"parent":3358,"menu_order":0,"comment_status":"closed","ping_status":"closed","template":"","meta":[],"_links":{"self":[{"href":"https:\/\/www.zumruthali.com\/index.php\/wp-json\/wp\/v2\/pages\/3388"}],"collection":[{"href":"https:\/\/www.zumruthali.com\/index.php\/wp-json\/wp\/v2\/pages"}],"about":[{"href":"https:\/\/www.zumruthali.com\/index.php\/wp-json\/wp\/v2\/types\/page"}],"author":[{"embeddable":true,"href":"https:\/\/www.zumruthali.com\/index.php\/wp-json\/wp\/v2\/users\/2"}],"replies":[{"embeddable":true,"href":"https:\/\/www.zumruthali.com\/index.php\/wp-json\/wp\/v2\/comments?post=3388"}],"version-history":[{"count":3,"href":"https:\/\/www.zumruthali.com\/index.php\/wp-json\/wp\/v2\/pages\/3388\/revisions"}],"predecessor-version":[{"id":3825,"href":"https:\/\/www.zumruthali.com\/index.php\/wp-json\/wp\/v2\/pages\/3388\/revisions\/3825"}],"up":[{"embeddable":true,"href":"https:\/\/www.zumruthali.com\/index.php\/wp-json\/wp\/v2\/pages\/3358"}],"wp:attachment":[{"href":"https:\/\/www.zumruthali.com\/index.php\/wp-json\/wp\/v2\/media?parent=3388"}],"curies":[{"name":"wp","href":"https:\/\/api.w.org\/{rel}","templated":true}]}}