{"id":3545,"date":"2020-08-25T17:11:05","date_gmt":"2020-08-25T14:11:05","guid":{"rendered":"http:\/\/www.zumruthali.com\/?page_id=3545"},"modified":"2020-09-23T13:41:53","modified_gmt":"2020-09-23T10:41:53","slug":"orgu-vinil","status":"publish","type":"page","link":"https:\/\/www.zumruthali.com\/index.php\/ithal-urunler\/orgu-vinil\/","title":{"rendered":"\u00d6rg\u00fc Vinil"},"content":{"rendered":"\r\n<p><span class=\"has-inline-color has-white-color\">\u00d6rg\u00fc Vinil 2020 Online \u00d6rg\u00fc Vinil Katalo\u011fu Z\u00fcmr\u00fct Hal\u0131 Ma\u011fzas\u0131 \u00d6rg\u00fc Vinil Modelleri Ve \u00d6rg\u00fc Vinil D\u00f6\u015feme Hellsten<\/span><\/p>\r\n","protected":false},"excerpt":{"rendered":"<p>\u00d6rg\u00fc Vinil 2020 Online \u00d6rg\u00fc Vinil Katalo\u011fu Z\u00fcmr\u00fct Hal\u0131 Ma\u011fzas\u0131 \u00d6rg\u00fc Vinil Modelleri Ve \u00d6rg\u00fc Vinil D\u00f6\u015feme Hellsten<\/p>\n","protected":false},"author":2,"featured_media":0,"parent":2772,"menu_order":0,"comment_status":"closed","ping_status":"closed","template":"","meta":[],"_links":{"self":[{"href":"https:\/\/www.zumruthali.com\/index.php\/wp-json\/wp\/v2\/pages\/3545"}],"collection":[{"href":"https:\/\/www.zumruthali.com\/index.php\/wp-json\/wp\/v2\/pages"}],"about":[{"href":"https:\/\/www.zumruthali.com\/index.php\/wp-json\/wp\/v2\/types\/page"}],"author":[{"embeddable":true,"href":"https:\/\/www.zumruthali.com\/index.php\/wp-json\/wp\/v2\/users\/2"}],"replies":[{"embeddable":true,"href":"https:\/\/www.zumruthali.com\/index.php\/wp-json\/wp\/v2\/comments?post=3545"}],"version-history":[{"count":2,"href":"https:\/\/www.zumruthali.com\/index.php\/wp-json\/wp\/v2\/pages\/3545\/revisions"}],"predecessor-version":[{"id":3771,"href":"https:\/\/www.zumruthali.com\/index.php\/wp-json\/wp\/v2\/pages\/3545\/revisions\/3771"}],"up":[{"embeddable":true,"href":"https:\/\/www.zumruthali.com\/index.php\/wp-json\/wp\/v2\/pages\/2772"}],"wp:attachment":[{"href":"https:\/\/www.zumruthali.com\/index.php\/wp-json\/wp\/v2\/media?parent=3545"}],"curies":[{"name":"wp","href":"https:\/\/api.w.org\/{rel}","templated":true}]}}