{"id":3578,"date":"2020-08-26T11:40:51","date_gmt":"2020-08-26T08:40:51","guid":{"rendered":"http:\/\/www.zumruthali.com\/?page_id=3578"},"modified":"2020-09-23T13:44:59","modified_gmt":"2020-09-23T10:44:59","slug":"karo-halilar","status":"publish","type":"page","link":"https:\/\/www.zumruthali.com\/index.php\/karo-halilar\/","title":{"rendered":"Karo Hal\u0131lar"},"content":{"rendered":"\r\n<p><span class=\"has-inline-color has-white-color\">Karo Hal\u0131lar Yerli ve \u0130thal Karo Hal\u0131 Online Kataloglar\u0131 Z\u00fcmr\u00fct Hal\u0131&#8217;da, Duvardan Duvara Karo Hal\u0131 Uygun Fiyata \u00c7e\u015fitli Modeller Fiyatlar\u0131<\/span><\/p>\r\n","protected":false},"excerpt":{"rendered":"<p>Karo Hal\u0131lar Yerli ve \u0130thal Karo Hal\u0131 Online Kataloglar\u0131 Z\u00fcmr\u00fct Hal\u0131&#8217;da, Duvardan Duvara Karo Hal\u0131 Uygun Fiyata \u00c7e\u015fitli Modeller Fiyatlar\u0131<\/p>\n","protected":false},"author":2,"featured_media":3508,"parent":0,"menu_order":0,"comment_status":"closed","ping_status":"closed","template":"","meta":[],"_links":{"self":[{"href":"https:\/\/www.zumruthali.com\/index.php\/wp-json\/wp\/v2\/pages\/3578"}],"collection":[{"href":"https:\/\/www.zumruthali.com\/index.php\/wp-json\/wp\/v2\/pages"}],"about":[{"href":"https:\/\/www.zumruthali.com\/index.php\/wp-json\/wp\/v2\/types\/page"}],"author":[{"embeddable":true,"href":"https:\/\/www.zumruthali.com\/index.php\/wp-json\/wp\/v2\/users\/2"}],"replies":[{"embeddable":true,"href":"https:\/\/www.zumruthali.com\/index.php\/wp-json\/wp\/v2\/comments?post=3578"}],"version-history":[{"count":2,"href":"https:\/\/www.zumruthali.com\/index.php\/wp-json\/wp\/v2\/pages\/3578\/revisions"}],"predecessor-version":[{"id":3787,"href":"https:\/\/www.zumruthali.com\/index.php\/wp-json\/wp\/v2\/pages\/3578\/revisions\/3787"}],"wp:featuredmedia":[{"embeddable":true,"href":"https:\/\/www.zumruthali.com\/index.php\/wp-json\/wp\/v2\/media\/3508"}],"wp:attachment":[{"href":"https:\/\/www.zumruthali.com\/index.php\/wp-json\/wp\/v2\/media?parent=3578"}],"curies":[{"name":"wp","href":"https:\/\/api.w.org\/{rel}","templated":true}]}}