{"id":3589,"date":"2020-08-26T12:54:12","date_gmt":"2020-08-26T09:54:12","guid":{"rendered":"http:\/\/www.zumruthali.com\/?page_id=3589"},"modified":"2020-09-23T13:39:17","modified_gmt":"2020-09-23T10:39:17","slug":"leah-ve-iris","status":"publish","type":"page","link":"https:\/\/www.zumruthali.com\/index.php\/ithal-urunler\/leah-ve-iris\/","title":{"rendered":"Leah ve Iris Serileri"},"content":{"rendered":"\r\n<p><span class=\"has-inline-color has-white-color\">Leah Ve Iris Serileri Online pvc Katalo\u011fu 2020 PVC Modelleri. Z\u00fcmr\u00fct Hal\u0131 Bayisi L\u00fcks PVC Modelleri Leah Iris Uygun Fiyata Duvardan Duvara<\/span><\/p>\r\n","protected":false},"excerpt":{"rendered":"<p>Leah Ve Iris Serileri Online pvc Katalo\u011fu 2020 PVC Modelleri. Z\u00fcmr\u00fct Hal\u0131 Bayisi L\u00fcks PVC Modelleri Leah Iris Uygun Fiyata Duvardan Duvara<\/p>\n","protected":false},"author":2,"featured_media":0,"parent":2772,"menu_order":0,"comment_status":"closed","ping_status":"closed","template":"","meta":[],"_links":{"self":[{"href":"https:\/\/www.zumruthali.com\/index.php\/wp-json\/wp\/v2\/pages\/3589"}],"collection":[{"href":"https:\/\/www.zumruthali.com\/index.php\/wp-json\/wp\/v2\/pages"}],"about":[{"href":"https:\/\/www.zumruthali.com\/index.php\/wp-json\/wp\/v2\/types\/page"}],"author":[{"embeddable":true,"href":"https:\/\/www.zumruthali.com\/index.php\/wp-json\/wp\/v2\/users\/2"}],"replies":[{"embeddable":true,"href":"https:\/\/www.zumruthali.com\/index.php\/wp-json\/wp\/v2\/comments?post=3589"}],"version-history":[{"count":3,"href":"https:\/\/www.zumruthali.com\/index.php\/wp-json\/wp\/v2\/pages\/3589\/revisions"}],"predecessor-version":[{"id":3772,"href":"https:\/\/www.zumruthali.com\/index.php\/wp-json\/wp\/v2\/pages\/3589\/revisions\/3772"}],"up":[{"embeddable":true,"href":"https:\/\/www.zumruthali.com\/index.php\/wp-json\/wp\/v2\/pages\/2772"}],"wp:attachment":[{"href":"https:\/\/www.zumruthali.com\/index.php\/wp-json\/wp\/v2\/media?parent=3589"}],"curies":[{"name":"wp","href":"https:\/\/api.w.org\/{rel}","templated":true}]}}