{"id":3590,"date":"2020-08-26T12:22:11","date_gmt":"2020-08-26T09:22:11","guid":{"rendered":"http:\/\/www.zumruthali.com\/?page_id=3590"},"modified":"2020-09-23T13:36:59","modified_gmt":"2020-09-23T10:36:59","slug":"europa-collection","status":"publish","type":"page","link":"https:\/\/www.zumruthali.com\/index.php\/ithal-urunler\/europa-collection\/","title":{"rendered":"Europa Collection"},"content":{"rendered":"\r\n<p><span class=\"has-inline-color has-white-color\">PVC Europa Collection 2020 PVC Online Katalog. Z\u00fcmr\u00fct Hal\u0131 Zemin Market Bayisi PVC Modelleri Europa Serisi \u0130thal PVC Parke, Zemin Kaplama<\/span><\/p>\r\n","protected":false},"excerpt":{"rendered":"<p>PVC Europa Collection 2020 PVC Online Katalog. Z\u00fcmr\u00fct Hal\u0131 Zemin Market Bayisi PVC Modelleri Europa Serisi \u0130thal PVC Parke, Zemin Kaplama<\/p>\n","protected":false},"author":4,"featured_media":3601,"parent":2772,"menu_order":0,"comment_status":"closed","ping_status":"closed","template":"","meta":[],"_links":{"self":[{"href":"https:\/\/www.zumruthali.com\/index.php\/wp-json\/wp\/v2\/pages\/3590"}],"collection":[{"href":"https:\/\/www.zumruthali.com\/index.php\/wp-json\/wp\/v2\/pages"}],"about":[{"href":"https:\/\/www.zumruthali.com\/index.php\/wp-json\/wp\/v2\/types\/page"}],"author":[{"embeddable":true,"href":"https:\/\/www.zumruthali.com\/index.php\/wp-json\/wp\/v2\/users\/4"}],"replies":[{"embeddable":true,"href":"https:\/\/www.zumruthali.com\/index.php\/wp-json\/wp\/v2\/comments?post=3590"}],"version-history":[{"count":2,"href":"https:\/\/www.zumruthali.com\/index.php\/wp-json\/wp\/v2\/pages\/3590\/revisions"}],"predecessor-version":[{"id":3766,"href":"https:\/\/www.zumruthali.com\/index.php\/wp-json\/wp\/v2\/pages\/3590\/revisions\/3766"}],"up":[{"embeddable":true,"href":"https:\/\/www.zumruthali.com\/index.php\/wp-json\/wp\/v2\/pages\/2772"}],"wp:featuredmedia":[{"embeddable":true,"href":"https:\/\/www.zumruthali.com\/index.php\/wp-json\/wp\/v2\/media\/3601"}],"wp:attachment":[{"href":"https:\/\/www.zumruthali.com\/index.php\/wp-json\/wp\/v2\/media?parent=3590"}],"curies":[{"name":"wp","href":"https:\/\/api.w.org\/{rel}","templated":true}]}}