{"id":3731,"date":"2020-08-31T13:16:40","date_gmt":"2020-08-31T10:16:40","guid":{"rendered":"http:\/\/www.zumruthali.com\/?page_id=3731"},"modified":"2020-09-23T13:30:18","modified_gmt":"2020-09-23T10:30:18","slug":"cim-hali","status":"publish","type":"page","link":"https:\/\/www.zumruthali.com\/index.php\/cim-hali\/","title":{"rendered":"\u00c7im Hal\u0131"},"content":{"rendered":"\r\n<p><span class=\"has-inline-color has-white-color\">\u0130thal ve Yerli \u00c7im Hal\u0131lar Z\u00fcmr\u00fct Hal\u0131 Ata\u015fehir Ma\u011fazas\u0131nda. Uygun Fiyata \u00c7e\u015fitli 2020 \u00c7im Hal\u0131 Modelleri Online Kataloglar\u0131, Yapay \u00c7im Hal\u0131<\/span><\/p>\r\n","protected":false},"excerpt":{"rendered":"<p>\u0130thal ve Yerli \u00c7im Hal\u0131lar Z\u00fcmr\u00fct Hal\u0131 Ata\u015fehir Ma\u011fazas\u0131nda. Uygun Fiyata \u00c7e\u015fitli 2020 \u00c7im Hal\u0131 Modelleri Online Kataloglar\u0131, Yapay \u00c7im Hal\u0131<\/p>\n","protected":false},"author":2,"featured_media":0,"parent":0,"menu_order":0,"comment_status":"closed","ping_status":"closed","template":"","meta":[],"_links":{"self":[{"href":"https:\/\/www.zumruthali.com\/index.php\/wp-json\/wp\/v2\/pages\/3731"}],"collection":[{"href":"https:\/\/www.zumruthali.com\/index.php\/wp-json\/wp\/v2\/pages"}],"about":[{"href":"https:\/\/www.zumruthali.com\/index.php\/wp-json\/wp\/v2\/types\/page"}],"author":[{"embeddable":true,"href":"https:\/\/www.zumruthali.com\/index.php\/wp-json\/wp\/v2\/users\/2"}],"replies":[{"embeddable":true,"href":"https:\/\/www.zumruthali.com\/index.php\/wp-json\/wp\/v2\/comments?post=3731"}],"version-history":[{"count":2,"href":"https:\/\/www.zumruthali.com\/index.php\/wp-json\/wp\/v2\/pages\/3731\/revisions"}],"predecessor-version":[{"id":3754,"href":"https:\/\/www.zumruthali.com\/index.php\/wp-json\/wp\/v2\/pages\/3731\/revisions\/3754"}],"wp:attachment":[{"href":"https:\/\/www.zumruthali.com\/index.php\/wp-json\/wp\/v2\/media?parent=3731"}],"curies":[{"name":"wp","href":"https:\/\/api.w.org\/{rel}","templated":true}]}}